{"id":243,"date":"2025-05-13T00:31:27","date_gmt":"2025-05-12T22:31:27","guid":{"rendered":"http:\/\/preprod.preventionsuicidefrance.org\/?page_id=243"},"modified":"2025-09-18T09:31:41","modified_gmt":"2025-09-18T07:31:41","slug":"mentions-legales","status":"publish","type":"page","link":"https:\/\/preprod.preventionsuicidefrance.org\/index.php\/mentions-legales\/","title":{"rendered":"Mentions l\u00e9gales"},"content":{"rendered":"<p>[et_pb_section fb_built=\u00a0\u00bb1&Prime; _builder_version=\u00a0\u00bb4.27.4&Prime; _module_preset=\u00a0\u00bbdefault\u00a0\u00bb background_color=\u00a0\u00bb#CCC7DB\u00a0\u00bb background_image=\u00a0\u00bbhttps:\/\/preprod.preventionsuicidefrance.org\/wp-content\/uploads\/2025\/05\/image-fond-napoli-scaled.png\u00a0\u00bb background_size=\u00a0\u00bbcustom\u00a0\u00bb background_image_width=\u00a0\u00bb40%\u00a0\u00bb background_position=\u00a0\u00bbbottom_left\u00a0\u00bb da_disable_devices=\u00a0\u00bboff|off|off\u00a0\u00bb global_colors_info=\u00a0\u00bb{}\u00a0\u00bb da_is_popup=\u00a0\u00bboff\u00a0\u00bb da_exit_intent=\u00a0\u00bboff\u00a0\u00bb da_has_close=\u00a0\u00bbon\u00a0\u00bb da_alt_close=\u00a0\u00bboff\u00a0\u00bb da_dark_close=\u00a0\u00bboff\u00a0\u00bb da_not_modal=\u00a0\u00bbon\u00a0\u00bb da_is_singular=\u00a0\u00bboff\u00a0\u00bb da_with_loader=\u00a0\u00bboff\u00a0\u00bb da_has_shadow=\u00a0\u00bbon\u00a0\u00bb][et_pb_row _builder_version=\u00a0\u00bb4.27.4&Prime; _module_preset=\u00a0\u00bbdefault\u00a0\u00bb global_colors_info=\u00a0\u00bb{}\u00a0\u00bb][et_pb_column type=\u00a0\u00bb4_4&Prime; _builder_version=\u00a0\u00bb4.27.4&Prime; _module_preset=\u00a0\u00bbdefault\u00a0\u00bb global_colors_info=\u00a0\u00bb{}\u00a0\u00bb][et_pb_text ul_item_indent=\u00a0\u00bb12px\u00a0\u00bb _builder_version=\u00a0\u00bb4.27.4&Prime; _module_preset=\u00a0\u00bbdefault\u00a0\u00bb text_line_height=\u00a0\u00bb1.6em\u00a0\u00bb ul_text_color=\u00a0\u00bb#FFF0A3&Prime; header_3_font=\u00a0\u00bb|800||on|||||\u00a0\u00bb header_3_text_color=\u00a0\u00bb#4F3DCF\u00a0\u00bb hover_enabled=\u00a0\u00bb0&Prime; global_colors_info=\u00a0\u00bb{}\u00a0\u00bb sticky_enabled=\u00a0\u00bb0&Prime;]<\/p>\n<h1>MENTIONS L\u00c9GALES<\/h1>\n<h2>\u00c9diteur du site<\/h2>\n<h3>Responsable \u00e9ditoriale<\/h3>\n<h3>Administrateurs<\/h3>\n<h3>H\u00e9bergement<\/h3>\n<h3>Web design et int\u00e9gration<\/h3>\n<p>Bien fait pour ta Com&rsquo; &#8211; LILLE<br \/>www.bienfaitpourta.com<\/p>\n<h2>Conditions d\u2019utilisation<\/h2>\n<p>Ce site est propos\u00e9 en diff\u00e9rents langages web (HTML, HTML5, Javascript, CSS, etc.). Pour un meilleur confort d\u2019utilisation et un graphisme plus agr\u00e9able, nous recommandons \u00e0 l\u2019utilisateur de recourir \u00e0 des navigateurs modernes comme Internet Explorer, Safari, Firefox, Google Chrome, etc.<\/p>\n<p>Pr\u00e9vention suicide France met en \u0153uvre tous les moyens dont il dispose, pour assurer une information et une mise \u00e0 jour fiables de son site internet. Toutefois, des erreurs ou omissions peuvent survenir. L\u2019utilisateur devra donc s\u2019assurer de l\u2019exactitude des informations et signaler toutes modifications du site qu\u2019il jugerait utile. Pr\u00e9vention suicide France n\u2019est en aucun cas responsable de l\u2019utilisation faite de ces informations ni de tout pr\u00e9judice direct ou indirect pouvant en d\u00e9couler.<\/p>\n<p>Pr\u00e9vention suicide France s\u2019efforce de fournir sur son site des informations aussi pr\u00e9cises que possible. Les renseignements figurant sur le site ne sont pas exhaustifs et les photos ne sont pas contractuelles. Par ailleurs, toutes les informations indiqu\u00e9es sur le site sont donn\u00e9es \u00e0 titre indicatif et sont susceptibles de changer ou d\u2019\u00e9voluer sans pr\u00e9avis.<\/p>\n<h3>Services fournis par le site<\/h3>\n<p>Le site preventionsuicidefrance.org a pour objet de fournir des informations concernant l\u2019ensemble de ses activit\u00e9s. Il met \u00e9galement \u00e0 disposition des utilisateurs des informations et ressources documentaires produites par lui-m\u00eame ou des organismes tiers.<\/p>\n<p>Pr\u00e9vention suicide France s\u2019efforce de fournir sur son site des informations aussi pr\u00e9cises que possible. Toutefois, il ne pourra \u00eatre tenu responsable des omissions, des inexactitudes et des carences dans la mise \u00e0 jour, qu\u2019elles soient de son fait ou du fait des tiers partenaires qui lui fournissent ces informations.<\/p>\n<p>L\u2019accessibilit\u00e9 de certaines informations et ressources documentaires contenues sur le site preventionsuicidefrance.org sont soumises \u00e0 un acc\u00e8s limit\u00e9 aux membres de l\u2019association ou \u00e0 certaines cat\u00e9gories de ses membres.<\/p>\n<p>Le site www.preventionsuicidefrance.org contient plusieurs formulaires pr\u00e9sentant des champs de remplissage laiss\u00e9s \u00e0 la libert\u00e9 de l\u2019utilisateur. Pr\u00e9vention suicide France se r\u00e9serve le droit de supprimer, sans mise en demeure pr\u00e9alable, tout contenu d\u00e9pos\u00e9 dans cet espace qui contreviendrait \u00e0 la l\u00e9gislation fran\u00e7aise et d\u2019en avertir les autorit\u00e9s comp\u00e9tentes si n\u00e9cessaire.<\/p>\n<h3>Liens hypertextes<\/h3>\n<p>Le site peut offrir des liens vers d\u2019autres sites internet ou d\u2019autres ressources disponibles sur internet. Pr\u00e9vention suicide France ne dispose d\u2019aucun moyen pour contr\u00f4ler les sites en connexion avec son site internet et ne r\u00e9pond pas de la disponibilit\u00e9 de tels sites et sources externes, ni ne la garantit. Pr\u00e9vention suicide France ne peut \u00eatre tenu pour responsable de tout dommage, de quelque nature que ce soit, r\u00e9sultant du contenu de ces sites ou sources externes, et notamment des informations, produits ou services qu\u2019ils proposent, ou de tout usage qui peut en d\u00e9couler. Les risques li\u00e9s \u00e0 cette utilisation incombent pleinement \u00e0 l\u2019utilisateur, qui doit se conformer \u00e0 leurs conditions d\u2019utilisation.<\/p>\n<p>Les utilisateurs du site www.preventionsuicidefrance.org ne peuvent pas mettre en place un hyperlien en direction de ce site sans l\u2019autorisation expresse et pr\u00e9alable de Pr\u00e9vention suicide France. Dans l\u2019hypoth\u00e8se o\u00f9 un utilisateur souhaiterait mettre en place un hyperlien en direction du site internet de Pr\u00e9vention suicide France, il lui appartiendra d\u2019adresser une demande via le formulaire de contact disponible sur le site de Pr\u00e9vention suicide France. Sans retour expresse de Pr\u00e9vention suicide France, la mise en ligne de l\u2019hyperlien n\u2019est pas autoris\u00e9e. Pr\u00e9vention suicide France se r\u00e9serve le droit d\u2019accepter ou de refuser un hyperlien sans avoir \u00e0 en justifier sa d\u00e9cision.<\/p>\n<h3>Cookies<\/h3>\n<p>Un cookie est un petit fichier texte contenant des informations, qui est enregistr\u00e9 sur le disque dur du terminal de l\u2019utilisateur (ex. ordinateur, tablette ou t\u00e9l\u00e9phone mobile) \u00e0 l\u2019occasion de la consultation d\u2019un site internet gr\u00e2ce \u00e0 votre logiciel de navigation.<\/p>\n<p>Afin d\u2019am\u00e9liorer les services propos\u00e9s et votre exp\u00e9rience de navigation, le logiciel libre Matomo est configur\u00e9 sur le site internet www.preventionsuicidefrance.org. Il ne permet pas d\u2019identifier l\u2019utilisateur. En revanche, il enregistre des informations relatives \u00e0 sa navigation sur le site (les pages consult\u00e9es, la date et l\u2019heure de la consultation, etc.) permettant l\u2019analyse de la fr\u00e9quentation du site. La dur\u00e9e de conservation de ces informations dans l\u2019ordinateur de l\u2019utilisateur est celle de la dur\u00e9e de la session, la fermeture du navigateur supprimant l\u2019ensemble de ces informations.<\/p>\n<p>Matomo est configur\u00e9 pour \u00eatre conforme avec le R\u00e8glement G\u00e9n\u00e9ral sur la Protection des Donn\u00e9es (RGPD). Les utilisateurs suivis par Matomo ne sont pas identifiables gr\u00e2ce \u00e0 l\u2019anonymisation de leur adresse IP. C\u2019est la raison pour laquelle notre site internet ne pr\u00e9voit pas de consentement pour ce type de cookies conform\u00e9ment \u00e0 l\u2019article 82 de la loi Informatique et Libert\u00e9s.<\/p>\n<p>L\u2019utilisateur peut s\u2019opposer au suivi de sa navigation sur ce site web. Cela prot\u00e9gera sa vie priv\u00e9e mais emp\u00eachera \u00e9galement le propri\u00e9taire d\u2019apprendre de ses actions et de cr\u00e9er une meilleure exp\u00e9rience pour lui et les autres utilisateurs.<\/p>\n<p>Pour s\u2019opposer \u00e0 l\u2019enregistrement de ces cookies, il suffit d\u2019utiliser une option de configuration du navigateur utilis\u00e9, les modalit\u00e9s d\u00e9taill\u00e9es se trouvent sur le site de la CNIL.<\/p>\n<h3>Propri\u00e9t\u00e9 intellectuelle<\/h3>\n<p>Le site www.preventionsuicidefrance.org pris dans sa globalit\u00e9, ainsi que chacun des \u00e9l\u00e9ments qui le compose pris ind\u00e9pendamment, notamment les programmes et d\u00e9veloppements sp\u00e9cifiques et les contenus incluant des donn\u00e9es, textes, images fixes ou anim\u00e9es, logotypes, sons, graphiques, fichiers, sont la propri\u00e9t\u00e9 exclusive de Pr\u00e9vention suicide France ou de tiers qui lui ont conc\u00e9d\u00e9 une licence. Toute repr\u00e9sentation totale ou partielle du site ou d\u2019un des \u00e9l\u00e9ments qui le composent sans l\u2019autorisation expresse de Pr\u00e9vention suicide France est interdite et constituerait une contrefa\u00e7on sanctionn\u00e9e par les articles L.335-2 et suivants du Code de la propri\u00e9t\u00e9 intellectuelle.<\/p>\n<p>Est sanctionn\u00e9e toute extraction ou r\u00e9utilisation qualitativement ou quantitativement substantielle du contenu des bases de donn\u00e9es.<\/p>\n<p>Les marques et les logotypes figurant sur le site sont des marques d\u00e9pos\u00e9es par Pr\u00e9vention suicide France ou par des tiers. Toute reproduction, imitation ou usage, total ou partiel, de ces signes distinctifs sans l\u2019autorisation expresse et en violation des interdictions pr\u00e9vues aux articles L.713-2 et suivants du Code de la propri\u00e9t\u00e9 intellectuelle engage la responsabilit\u00e9 de leur auteur.<\/p>\n<p>Les supports de formation accessibles aux adh\u00e9rents de Pr\u00e9vention suicide France sont prot\u00e9g\u00e9s par le code de la propri\u00e9t\u00e9 intellectuelle. Toute personne qui souhaiterait reproduire le contenu de ce support, modifi\u00e9 ou non, afin de le communiquer directement ou indirectement au public (m\u00eame si c\u2019est \u00e0 des fins internes) doit imp\u00e9rativement solliciter une autorisation pr\u00e9alable et \u00e9crite de Pr\u00e9vention suicide France.<\/p>\n<h3>Droits applicables et attribution de juridiction<\/h3>\n<p>Tout litige en relation avec l\u2019utilisation de ce site est soumis au droit fran\u00e7ais.<\/p>\n<h2>RGPD<\/h2>\n<p>En France, les donn\u00e9es personnelles sont notamment prot\u00e9g\u00e9es par la loi n\u00b0 78-87 du 6 janvier 1978, la loi Informatique et Libert\u00e9 du 06 Ao\u00fbt 2004, l\u2019article L. 226-13 du Code p\u00e9nal et la Directive Europ\u00e9enne du 24 octobre 1995 ainsi que par le R\u00e8glement G\u00e9n\u00e9ral sur la Protection des Donn\u00e9es (RGPD : n\u00b0 2016-679). Conform\u00e9ment au R\u00e8glement G\u00e9n\u00e9ral sur la Protection des Donn\u00e9es (RGPD \u2013 R\u00e8glement UE 2016\/679), nous vous informons des \u00e9l\u00e9ments suivants relatifs au traitement de vos donn\u00e9es personnelles.<\/p>\n<h3>Responsable du traitement :<\/h3>\n<p>Pr\u00e9vention Suicide France<br \/>5 avenue Oscar Lambret, 5900 LILLE<br \/>contact@preventionsuicidefrance.org<br \/>SIREN 928 769 041<\/p>\n<h3>1 &#8211; Finalit\u00e9s du traitement<\/h3>\n<p>Vos donn\u00e9es personnelles sont collect\u00e9es et trait\u00e9es pour les finalit\u00e9s suivantes : l\u2019\u00e9tude et la gestion des candidatures re\u00e7ues dans le cadre des appels \u00e0 projets lanc\u00e9s par l\u2019association ; la communication institutionnelle et la promotion des activit\u00e9s de l\u2019association.<\/p>\n<h3>2 &#8211; Base l\u00e9gale du traitement<\/h3>\n<p>Ves traitements sont fond\u00e9s sur : votre consentement dans le cadre du d\u00e9p\u00f4t de votre candidature ou de votre inscription \u00e0 la Newsletter de Pr\u00e9vention Suicide France ; Et l\u2019int\u00e9r\u00eat l\u00e9gitime de l\u2019association pour communiquer sur ses activit\u00e9s, dans le respect de vos droits.<\/p>\n<h3>3 &#8211; Donn\u00e9es collect\u00e9es<\/h3>\n<p>Nom, pr\u00e9nom, adresse e-mail, num\u00e9ro de t\u00e9l\u00e9phone, dossier de candidature et les informations contenues (y compris les documents annexes), \u00e9changes par courriel.<\/p>\n<h3>4 &#8211; Destinataires des donn\u00e9es<\/h3>\n<p>Les donn\u00e9es sont exclusivement accessibles aux personnes habilit\u00e9es au sein de Pr\u00e9vention Suicide France et, le cas \u00e9ch\u00e9ant, aux membres du jury d\u2019\u00e9valuation ou \u00e0 des prestataires techniques agissant pour notre compte<\/p>\n<h3>5 &#8211; Dur\u00e9e de conservation<\/h3>\n<p>Les donn\u00e9es relatives aux candidatures sont conserv\u00e9es pendant une dur\u00e9e maximale de 2 ans \u00e0 compter du dernier contact avec le candidat, sauf demande de suppression anticip\u00e9e. Les donn\u00e9es utilis\u00e9es \u00e0 des fins de communication sont conserv\u00e9es jusqu\u2019au retrait de votre consentement ou \u00e0 l\u2019exercice de votre droit d\u2019opposition.<\/p>\n<h3>6 &#8211; Transfert hors Union europ\u00e9enne<\/h3>\n<p>Aucun transfert de donn\u00e9es hors de l\u2019Union europ\u00e9enne n\u2019est effectu\u00e9.<\/p>\n<h3>7 &#8211; Vos droits<\/h3>\n<p>Vous disposez des droits suivants : Droit d\u2019acc\u00e8s \u00e0 vos donn\u00e9es ; Droit de rectification en cas d\u2019erreur ; Droit \u00e0 l\u2019effacement (dans les limites l\u00e9gales) ; Droit \u00e0 la limitation du traitement ; Droit d\u2019opposition au traitement, notamment \u00e0 des fins de communication ; Droit \u00e0 la portabilit\u00e9 de vos donn\u00e9es dans certains cas. Pour exercer vos droits, vous pouvez contacter : contact@preprod.preventionsuicidefrance.org. Si vous estimez, apr\u00e8s nous avoir contact\u00e9s, que vos droits ne sont pas respect\u00e9s, vous pouvez adresser une r\u00e9clamation \u00e0 la CNIL (www.cnil.fr).<\/p>\n<p>[\/et_pb_text][\/et_pb_column][\/et_pb_row][\/et_pb_section]<\/p>\n","protected":false},"excerpt":{"rendered":"<p>MENTIONS L\u00c9GALES \u00c9diteur du site Responsable \u00e9ditoriale Administrateurs H\u00e9bergement Web design et int\u00e9gration Bien fait pour ta Com&rsquo; &#8211; LILLEwww.bienfaitpourta.com Conditions d\u2019utilisation Ce site est propos\u00e9 en diff\u00e9rents langages web (HTML, HTML5, Javascript, CSS, etc.). Pour un meilleur confort d\u2019utilisation et un graphisme plus agr\u00e9able, nous recommandons \u00e0 l\u2019utilisateur de recourir \u00e0 des navigateurs modernes [&hellip;]<\/p>\n","protected":false},"author":1,"featured_media":0,"parent":0,"menu_order":0,"comment_status":"closed","ping_status":"closed","template":"","meta":{"_et_pb_use_builder":"on","_et_pb_old_content":"","_et_gb_content_width":"","footnotes":""},"class_list":["post-243","page","type-page","status-publish","hentry"],"yoast_head":"<!-- This site is optimized with the Yoast SEO plugin v26.6 - https:\/\/yoast.com\/wordpress\/plugins\/seo\/ -->\n<title>Mentions l\u00e9gales - Pr\u00e9vention suicide France<\/title>\n<meta name=\"robots\" content=\"noindex, follow, max-snippet:-1, max-image-preview:large, max-video-preview:-1\" \/>\n<meta property=\"og:locale\" content=\"fr_FR\" \/>\n<meta property=\"og:type\" content=\"article\" \/>\n<meta property=\"og:title\" content=\"Mentions l\u00e9gales - Pr\u00e9vention suicide France\" \/>\n<meta property=\"og:description\" content=\"MENTIONS L\u00c9GALES \u00c9diteur du site Responsable \u00e9ditoriale Administrateurs H\u00e9bergement Web design et int\u00e9gration Bien fait pour ta Com&#039; - LILLEwww.bienfaitpourta.com Conditions d\u2019utilisation Ce site est propos\u00e9 en diff\u00e9rents langages web (HTML, HTML5, Javascript, CSS, etc.). Pour un meilleur confort d\u2019utilisation et un graphisme plus agr\u00e9able, nous recommandons \u00e0 l\u2019utilisateur de recourir \u00e0 des navigateurs modernes [&hellip;]\" \/>\n<meta property=\"og:url\" content=\"https:\/\/preprod.preventionsuicidefrance.org\/index.php\/mentions-legales\/\" \/>\n<meta property=\"og:site_name\" content=\"Pr\u00e9vention suicide France\" \/>\n<meta property=\"article:modified_time\" content=\"2025-09-18T07:31:41+00:00\" \/>\n<meta name=\"twitter:card\" content=\"summary_large_image\" \/>\n<meta name=\"twitter:label1\" content=\"Dur\u00e9e de lecture estim\u00e9e\" \/>\n\t<meta name=\"twitter:data1\" content=\"9 minutes\" \/>\n<script type=\"application\/ld+json\" class=\"yoast-schema-graph\">{\"@context\":\"https:\/\/schema.org\",\"@graph\":[{\"@type\":\"WebPage\",\"@id\":\"https:\/\/preprod.preventionsuicidefrance.org\/index.php\/mentions-legales\/\",\"url\":\"https:\/\/preprod.preventionsuicidefrance.org\/index.php\/mentions-legales\/\",\"name\":\"Mentions l\u00e9gales - Pr\u00e9vention suicide France\",\"isPartOf\":{\"@id\":\"https:\/\/preprod.preventionsuicidefrance.org\/#website\"},\"datePublished\":\"2025-05-12T22:31:27+00:00\",\"dateModified\":\"2025-09-18T07:31:41+00:00\",\"breadcrumb\":{\"@id\":\"https:\/\/preprod.preventionsuicidefrance.org\/index.php\/mentions-legales\/#breadcrumb\"},\"inLanguage\":\"fr-FR\",\"potentialAction\":[{\"@type\":\"ReadAction\",\"target\":[\"https:\/\/preprod.preventionsuicidefrance.org\/index.php\/mentions-legales\/\"]}]},{\"@type\":\"BreadcrumbList\",\"@id\":\"https:\/\/preprod.preventionsuicidefrance.org\/index.php\/mentions-legales\/#breadcrumb\",\"itemListElement\":[{\"@type\":\"ListItem\",\"position\":1,\"name\":\"Accueil\",\"item\":\"https:\/\/preprod.preventionsuicidefrance.org\/\"},{\"@type\":\"ListItem\",\"position\":2,\"name\":\"Mentions l\u00e9gales\"}]},{\"@type\":\"WebSite\",\"@id\":\"https:\/\/preprod.preventionsuicidefrance.org\/#website\",\"url\":\"https:\/\/preprod.preventionsuicidefrance.org\/\",\"name\":\"Pr\u00e9vention suicide France\",\"description\":\"Pour une pr\u00e9vention du suicide qui innove et rassemble\",\"potentialAction\":[{\"@type\":\"SearchAction\",\"target\":{\"@type\":\"EntryPoint\",\"urlTemplate\":\"https:\/\/preprod.preventionsuicidefrance.org\/?s={search_term_string}\"},\"query-input\":{\"@type\":\"PropertyValueSpecification\",\"valueRequired\":true,\"valueName\":\"search_term_string\"}}],\"inLanguage\":\"fr-FR\"}]}<\/script>\n<!-- \/ Yoast SEO plugin. -->","yoast_head_json":{"title":"Mentions l\u00e9gales - Pr\u00e9vention suicide France","robots":{"index":"noindex","follow":"follow","max-snippet":"max-snippet:-1","max-image-preview":"max-image-preview:large","max-video-preview":"max-video-preview:-1"},"og_locale":"fr_FR","og_type":"article","og_title":"Mentions l\u00e9gales - Pr\u00e9vention suicide France","og_description":"MENTIONS L\u00c9GALES \u00c9diteur du site Responsable \u00e9ditoriale Administrateurs H\u00e9bergement Web design et int\u00e9gration Bien fait pour ta Com' - LILLEwww.bienfaitpourta.com Conditions d\u2019utilisation Ce site est propos\u00e9 en diff\u00e9rents langages web (HTML, HTML5, Javascript, CSS, etc.). Pour un meilleur confort d\u2019utilisation et un graphisme plus agr\u00e9able, nous recommandons \u00e0 l\u2019utilisateur de recourir \u00e0 des navigateurs modernes [&hellip;]","og_url":"https:\/\/preprod.preventionsuicidefrance.org\/index.php\/mentions-legales\/","og_site_name":"Pr\u00e9vention suicide France","article_modified_time":"2025-09-18T07:31:41+00:00","twitter_card":"summary_large_image","twitter_misc":{"Dur\u00e9e de lecture estim\u00e9e":"9 minutes"},"schema":{"@context":"https:\/\/schema.org","@graph":[{"@type":"WebPage","@id":"https:\/\/preprod.preventionsuicidefrance.org\/index.php\/mentions-legales\/","url":"https:\/\/preprod.preventionsuicidefrance.org\/index.php\/mentions-legales\/","name":"Mentions l\u00e9gales - Pr\u00e9vention suicide France","isPartOf":{"@id":"https:\/\/preprod.preventionsuicidefrance.org\/#website"},"datePublished":"2025-05-12T22:31:27+00:00","dateModified":"2025-09-18T07:31:41+00:00","breadcrumb":{"@id":"https:\/\/preprod.preventionsuicidefrance.org\/index.php\/mentions-legales\/#breadcrumb"},"inLanguage":"fr-FR","potentialAction":[{"@type":"ReadAction","target":["https:\/\/preprod.preventionsuicidefrance.org\/index.php\/mentions-legales\/"]}]},{"@type":"BreadcrumbList","@id":"https:\/\/preprod.preventionsuicidefrance.org\/index.php\/mentions-legales\/#breadcrumb","itemListElement":[{"@type":"ListItem","position":1,"name":"Accueil","item":"https:\/\/preprod.preventionsuicidefrance.org\/"},{"@type":"ListItem","position":2,"name":"Mentions l\u00e9gales"}]},{"@type":"WebSite","@id":"https:\/\/preprod.preventionsuicidefrance.org\/#website","url":"https:\/\/preprod.preventionsuicidefrance.org\/","name":"Pr\u00e9vention suicide France","description":"Pour une pr\u00e9vention du suicide qui innove et rassemble","potentialAction":[{"@type":"SearchAction","target":{"@type":"EntryPoint","urlTemplate":"https:\/\/preprod.preventionsuicidefrance.org\/?s={search_term_string}"},"query-input":{"@type":"PropertyValueSpecification","valueRequired":true,"valueName":"search_term_string"}}],"inLanguage":"fr-FR"}]}},"_links":{"self":[{"href":"https:\/\/preprod.preventionsuicidefrance.org\/index.php\/wp-json\/wp\/v2\/pages\/243","targetHints":{"allow":["GET"]}}],"collection":[{"href":"https:\/\/preprod.preventionsuicidefrance.org\/index.php\/wp-json\/wp\/v2\/pages"}],"about":[{"href":"https:\/\/preprod.preventionsuicidefrance.org\/index.php\/wp-json\/wp\/v2\/types\/page"}],"author":[{"embeddable":true,"href":"https:\/\/preprod.preventionsuicidefrance.org\/index.php\/wp-json\/wp\/v2\/users\/1"}],"replies":[{"embeddable":true,"href":"https:\/\/preprod.preventionsuicidefrance.org\/index.php\/wp-json\/wp\/v2\/comments?post=243"}],"version-history":[{"count":8,"href":"https:\/\/preprod.preventionsuicidefrance.org\/index.php\/wp-json\/wp\/v2\/pages\/243\/revisions"}],"predecessor-version":[{"id":742,"href":"https:\/\/preprod.preventionsuicidefrance.org\/index.php\/wp-json\/wp\/v2\/pages\/243\/revisions\/742"}],"wp:attachment":[{"href":"https:\/\/preprod.preventionsuicidefrance.org\/index.php\/wp-json\/wp\/v2\/media?parent=243"}],"curies":[{"name":"wp","href":"https:\/\/api.w.org\/{rel}","templated":true}]}}