{"id":714,"date":"2025-07-24T11:23:41","date_gmt":"2025-07-24T09:23:41","guid":{"rendered":"https:\/\/preprod.preventionsuicidefrance.org\/?page_id=714"},"modified":"2025-12-18T06:06:12","modified_gmt":"2025-12-18T05:06:12","slug":"714-2","status":"publish","type":"page","link":"https:\/\/preprod.preventionsuicidefrance.org\/index.php\/714-2\/","title":{"rendered":"projets soutenus"},"content":{"rendered":"<p>[et_pb_section fb_built=\u00a0\u00bb1&Prime; _builder_version=\u00a0\u00bb4.27.4&Prime; _module_preset=\u00a0\u00bbdefault\u00a0\u00bb background_color=\u00a0\u00bb#FFFFFF\u00a0\u00bb background_image=\u00a0\u00bbhttps:\/\/preprod.preventionsuicidefrance.org\/wp-content\/uploads\/2025\/05\/image-fond-napoli-scaled.png\u00a0\u00bb background_size=\u00a0\u00bbcustom\u00a0\u00bb background_image_width=\u00a0\u00bb44%\u00a0\u00bb background_position=\u00a0\u00bbtop_left\u00a0\u00bb background_horizontal_offset=\u00a0\u00bb-26%\u00a0\u00bb background_vertical_offset=\u00a0\u00bb2%\u00a0\u00bb da_disable_devices=\u00a0\u00bboff|off|off\u00a0\u00bb global_colors_info=\u00a0\u00bb{}\u00a0\u00bb da_is_popup=\u00a0\u00bboff\u00a0\u00bb da_exit_intent=\u00a0\u00bboff\u00a0\u00bb da_has_close=\u00a0\u00bbon\u00a0\u00bb da_alt_close=\u00a0\u00bboff\u00a0\u00bb da_dark_close=\u00a0\u00bboff\u00a0\u00bb da_not_modal=\u00a0\u00bbon\u00a0\u00bb da_is_singular=\u00a0\u00bboff\u00a0\u00bb da_with_loader=\u00a0\u00bboff\u00a0\u00bb da_has_shadow=\u00a0\u00bbon\u00a0\u00bb][et_pb_row _builder_version=\u00a0\u00bb4.27.4&Prime; _module_preset=\u00a0\u00bbdefault\u00a0\u00bb global_colors_info=\u00a0\u00bb{}\u00a0\u00bb][et_pb_column type=\u00a0\u00bb4_4&Prime; _builder_version=\u00a0\u00bb4.27.4&Prime; _module_preset=\u00a0\u00bbdefault\u00a0\u00bb global_colors_info=\u00a0\u00bb{}\u00a0\u00bb][et_pb_text _builder_version=\u00a0\u00bb4.27.4&Prime; _module_preset=\u00a0\u00bbdefault\u00a0\u00bb text_line_height=\u00a0\u00bb1.6em\u00a0\u00bb header_3_font=\u00a0\u00bb||||||||\u00a0\u00bb header_3_text_color=\u00a0\u00bb#4F3DCF\u00a0\u00bb header_3_font_size=\u00a0\u00bb24px\u00a0\u00bb global_colors_info=\u00a0\u00bb{}\u00a0\u00bb]<\/p>\n<h1>Les projets soutenus<\/h1>\n<p>[\/et_pb_text][\/et_pb_column][\/et_pb_row][et_pb_row column_structure=\u00a0\u00bb1_4,1_4,1_2&Prime; _builder_version=\u00a0\u00bb4.27.4&Prime; _module_preset=\u00a0\u00bbdefault\u00a0\u00bb global_colors_info=\u00a0\u00bb{}\u00a0\u00bb][et_pb_column type=\u00a0\u00bb1_4&Prime; _builder_version=\u00a0\u00bb4.27.4&Prime; _module_preset=\u00a0\u00bbdefault\u00a0\u00bb global_colors_info=\u00a0\u00bb{}\u00a0\u00bb][et_pb_image src=\u00a0\u00bbhttps:\/\/preprod.preventionsuicidefrance.org\/wp-content\/uploads\/2025\/12\/PTSM-1.png\u00a0\u00bb title_text=\u00a0\u00bbPTSM\u00a0\u00bb url=\u00a0\u00bb@ET-DC@eyJkeW5hbWljIjp0cnVlLCJjb250ZW50IjoicG9zdF9saW5rX3VybF9wcm9qZWN0Iiwic2V0dGluZ3MiOnsicG9zdF9pZCI6Ijc5NSJ9fQ==@\u00a0\u00bb _builder_version=\u00a0\u00bb4.27.4&Prime; _dynamic_attributes=\u00a0\u00bburl\u00a0\u00bb _module_preset=\u00a0\u00bbdefault\u00a0\u00bb global_colors_info=\u00a0\u00bb{}\u00a0\u00bb][\/et_pb_image][et_pb_text _builder_version=\u00a0\u00bb4.27.4&Prime; _dynamic_attributes=\u00a0\u00bblink_option_url\u00a0\u00bb _module_preset=\u00a0\u00bbdefault\u00a0\u00bb link_font=\u00a0\u00bb||||on||||\u00a0\u00bb link_text_color=\u00a0\u00bb#4F3DCF\u00a0\u00bb custom_margin=\u00a0\u00bb0px||0px||false|false\u00a0\u00bb custom_padding=\u00a0\u00bb0px||0px||false|false\u00a0\u00bb link_option_url=\u00a0\u00bb@ET-DC@eyJkeW5hbWljIjp0cnVlLCJjb250ZW50IjoicG9zdF9saW5rX3VybF9wcm9qZWN0Iiwic2V0dGluZ3MiOnsicG9zdF9pZCI6Ijc5NSJ9fQ==@\u00a0\u00bb border_radii=\u00a0\u00bbon|10px|10px|10px|10px\u00a0\u00bb global_colors_info=\u00a0\u00bb{}\u00a0\u00bb background__hover_enabled=\u00a0\u00bbon|hover\u00a0\u00bb background_color__hover=\u00a0\u00bbRGBA(255,255,255,0)\u00a0\u00bb background_enable_color__hover=\u00a0\u00bbon\u00a0\u00bb text_text_color__hover_enabled=\u00a0\u00bbon|hover\u00a0\u00bb text_text_color__hover=\u00a0\u00bb#4F3DCF\u00a0\u00bb header_text_color__hover_enabled=\u00a0\u00bbon|hover\u00a0\u00bb header_text_color__hover=\u00a0\u00bb#4F3DCF\u00a0\u00bb header_2_text_color__hover_enabled=\u00a0\u00bbon|hover\u00a0\u00bb header_2_text_color__hover=\u00a0\u00bb#4F3DCF\u00a0\u00bb link_text_color__hover_enabled=\u00a0\u00bbon|desktop\u00a0\u00bb link_text_color__hover=\u00a0\u00bb#4F3DCF\u00a0\u00bb]<\/p>\n<h2 style=\"text-align: center;\">Lim on the road<\/h2>\n<p style=\"text-align: center;\">La caravane qui va \u00e0 la rencontre des silences<a href=\"#\"><\/a><\/p>\n<p>&nbsp;<\/p>\n<p>[\/et_pb_text][\/et_pb_column][et_pb_column type=\u00a0\u00bb1_4&Prime; _builder_version=\u00a0\u00bb4.27.4&Prime; _module_preset=\u00a0\u00bbdefault\u00a0\u00bb global_colors_info=\u00a0\u00bb{}\u00a0\u00bb][et_pb_image src=\u00a0\u00bbhttps:\/\/preprod.preventionsuicidefrance.org\/wp-content\/uploads\/2025\/12\/ulysse-1.png\u00a0\u00bb title_text=\u00a0\u00bbulysse\u00a0\u00bb url=\u00a0\u00bb@ET-DC@eyJkeW5hbWljIjp0cnVlLCJjb250ZW50IjoicG9zdF9saW5rX3VybF9wcm9qZWN0Iiwic2V0dGluZ3MiOnsicG9zdF9pZCI6IjgwMSJ9fQ==@\u00a0\u00bb _builder_version=\u00a0\u00bb4.27.4&Prime; _dynamic_attributes=\u00a0\u00bburl\u00a0\u00bb _module_preset=\u00a0\u00bbdefault\u00a0\u00bb global_colors_info=\u00a0\u00bb{}\u00a0\u00bb][\/et_pb_image][et_pb_text _builder_version=\u00a0\u00bb4.27.4&Prime; _dynamic_attributes=\u00a0\u00bblink_option_url\u00a0\u00bb _module_preset=\u00a0\u00bbdefault\u00a0\u00bb link_font=\u00a0\u00bb||||on||||\u00a0\u00bb link_text_color=\u00a0\u00bb#4F3DCF\u00a0\u00bb custom_margin=\u00a0\u00bb0px||0px||false|false\u00a0\u00bb custom_padding=\u00a0\u00bb0px||0px||false|false\u00a0\u00bb link_option_url=\u00a0\u00bb@ET-DC@eyJkeW5hbWljIjp0cnVlLCJjb250ZW50IjoicG9zdF9saW5rX3VybF9wcm9qZWN0Iiwic2V0dGluZ3MiOnsicG9zdF9pZCI6IjgwMSJ9fQ==@\u00a0\u00bb border_radii=\u00a0\u00bbon|10px|10px|10px|10px\u00a0\u00bb global_colors_info=\u00a0\u00bb{}\u00a0\u00bb background_color__hover=\u00a0\u00bbRGBA(255,255,255,0)\u00a0\u00bb background_enable_color__hover=\u00a0\u00bbon\u00a0\u00bb text_text_color__hover=\u00a0\u00bb#4F3DCF\u00a0\u00bb text_text_color__hover_enabled=\u00a0\u00bbon|hover\u00a0\u00bb header_text_color__hover=\u00a0\u00bb#4F3DCF\u00a0\u00bb header_text_color__hover_enabled=\u00a0\u00bbon|hover\u00a0\u00bb header_2_text_color__hover=\u00a0\u00bb#4F3DCF\u00a0\u00bb header_2_text_color__hover_enabled=\u00a0\u00bbon|hover\u00a0\u00bb link_text_color__hover_enabled=\u00a0\u00bbon|desktop\u00a0\u00bb background__hover_enabled=\u00a0\u00bbon|hover\u00a0\u00bb link_text_color__hover=\u00a0\u00bb#4F3DCF\u00a0\u00bb]<\/p>\n<h2 style=\"text-align: center;\">Les Ulysses<\/h2>\n<p style=\"text-align: center;\">La plateforme num\u00e9rique de pair-aidance\u00a0<\/p>\n<p>[\/et_pb_text][\/et_pb_column][et_pb_column type=\u00a0\u00bb1_2&Prime; _builder_version=\u00a0\u00bb4.27.4&Prime; _module_preset=\u00a0\u00bbdefault\u00a0\u00bb global_colors_info=\u00a0\u00bb{}\u00a0\u00bb][et_pb_text _builder_version=\u00a0\u00bb4.27.4&Prime; _module_preset=\u00a0\u00bbdefault\u00a0\u00bb header_2_font_size=\u00a0\u00bb47px\u00a0\u00bb global_colors_info=\u00a0\u00bb{}\u00a0\u00bb]<\/p>\n<h2>Les laur\u00e9ats<\/h2>\n<p><span>Les projets retenus b\u00e9n\u00e9ficient d\u2019un soutien financier sur deux \u00e0 trois ans, ainsi que d\u2019un accompagnement sur mesure. En lien \u00e9troit avec les porteurs de projet, nous mobilisons notre r\u00e9seau et nos expertises pour favoriser leur r\u00e9ussite : appui m\u00e9thodologique, \u00e9clairages scientifiques, mises en relation strat\u00e9giques\u2026<\/span><br \/><span>Enfin, nous \u00e9valuons les actions men\u00e9es et partageons les enseignements tir\u00e9s, afin de renforcer les pratiques de terrain et d\u2019inspirer les politiques publiques par des exp\u00e9riences concr\u00e8tes et \u00e9prouv\u00e9es en pr\u00e9vention du suicide.<\/span><\/p>\n<p>[\/et_pb_text][\/et_pb_column][\/et_pb_row][et_pb_row column_structure=\u00a0\u00bb1_2,1_4,1_4&Prime; _builder_version=\u00a0\u00bb4.27.4&Prime; _module_preset=\u00a0\u00bbdefault\u00a0\u00bb background_enable_image=\u00a0\u00bboff\u00a0\u00bb background_size=\u00a0\u00bbcontain\u00a0\u00bb background_position=\u00a0\u00bbtop_left\u00a0\u00bb background_horizontal_offset=\u00a0\u00bb23%\u00a0\u00bb background_vertical_offset=\u00a0\u00bb-100%\u00a0\u00bb global_colors_info=\u00a0\u00bb{}\u00a0\u00bb][et_pb_column type=\u00a0\u00bb1_2&Prime; _builder_version=\u00a0\u00bb4.27.4&Prime; _module_preset=\u00a0\u00bbdefault\u00a0\u00bb global_colors_info=\u00a0\u00bb{}\u00a0\u00bb][et_pb_text _builder_version=\u00a0\u00bb4.27.4&Prime; _module_preset=\u00a0\u00bbdefault\u00a0\u00bb text_text_color=\u00a0\u00bb#8563FA\u00a0\u00bb header_2_text_color=\u00a0\u00bb#8563FA\u00a0\u00bb header_2_font_size=\u00a0\u00bb47px\u00a0\u00bb background_enable_image=\u00a0\u00bboff\u00a0\u00bb background_position=\u00a0\u00bbtop_right\u00a0\u00bb background_vertical_offset=\u00a0\u00bb-100%\u00a0\u00bb module_alignment=\u00a0\u00bbright\u00a0\u00bb hover_enabled=\u00a0\u00bb0&Prime; global_colors_info=\u00a0\u00bb{}\u00a0\u00bb sticky_enabled=\u00a0\u00bb0&Prime;]<\/p>\n<h2 style=\"text-align: left;\">Prix \u00e9mergence<\/h2>\n<p class=\"font-claude-response-body break-words whitespace-normal leading-[1.7]\">Sur recommandation du jury, le Conseil d&rsquo;Administration a approuv\u00e9 l&rsquo;attribution de prix \u00c9mergence. Ces prix s&rsquo;adressent \u00e0 des projets \u00e0 fort potentiel qui r\u00e9pondent \u00e0 plusieurs crit\u00e8res de s\u00e9lection et que nous souhaitons accompagner dans une phase pr\u00e9paratoire \u00e0 la mise en \u0153uvre de leur projet. Par ce soutien, notre regard d\u00e9passe le seul projet : nous portons attention aux diff\u00e9rentes \u00e9tapes de d\u00e9veloppement et de transformation des structures concern\u00e9es.<\/p>\n<p class=\"font-claude-response-body break-words whitespace-normal leading-[1.7]\">L&rsquo;enveloppe financi\u00e8re allou\u00e9e permet de franchir cette \u00e9tape interm\u00e9diaire. En compl\u00e9ment, nous facilitons la mise en relation avec des partenaires et d&rsquo;autres financeurs susceptibles de contribuer \u00e0 la r\u00e9ussite du projet. Nous assurons \u00e9galement la valorisation de ces projets, et les porteurs de projet participent pleinement aux espaces de r\u00e9flexion et d&rsquo;accompagnement que nous proposons.<\/p>\n<p>[\/et_pb_text][\/et_pb_column][et_pb_column type=\u00a0\u00bb1_4&Prime; _builder_version=\u00a0\u00bb4.27.4&Prime; _module_preset=\u00a0\u00bbdefault\u00a0\u00bb global_colors_info=\u00a0\u00bb{}\u00a0\u00bb][et_pb_image src=\u00a0\u00bbhttps:\/\/preprod.preventionsuicidefrance.org\/wp-content\/uploads\/2025\/12\/balise-1.png\u00a0\u00bb title_text=\u00a0\u00bbbalise\u00a0\u00bb url=\u00a0\u00bb@ET-DC@eyJkeW5hbWljIjp0cnVlLCJjb250ZW50IjoicG9zdF9saW5rX3VybF9wcm9qZWN0Iiwic2V0dGluZ3MiOnsicG9zdF9pZCI6IjgwNSJ9fQ==@\u00a0\u00bb _builder_version=\u00a0\u00bb4.27.4&Prime; _dynamic_attributes=\u00a0\u00bburl\u00a0\u00bb _module_preset=\u00a0\u00bbdefault\u00a0\u00bb global_colors_info=\u00a0\u00bb{}\u00a0\u00bb src__hover_enabled=\u00a0\u00bbon|hover\u00a0\u00bb src__hover=\u00a0\u00bbhttps:\/\/preprod.preventionsuicidefrance.org\/wp-content\/uploads\/2025\/12\/balise-1.png\u00a0\u00bb][\/et_pb_image][et_pb_text _builder_version=\u00a0\u00bb4.27.4&Prime; _dynamic_attributes=\u00a0\u00bblink_option_url\u00a0\u00bb _module_preset=\u00a0\u00bbdefault\u00a0\u00bb text_text_color=\u00a0\u00bb#8563FA\u00a0\u00bb link_font=\u00a0\u00bb||||on|||#8563FA|\u00a0\u00bb link_text_color=\u00a0\u00bb#4F3DCF\u00a0\u00bb header_2_text_color=\u00a0\u00bb#8563FA\u00a0\u00bb custom_margin=\u00a0\u00bb0px||0px||false|false\u00a0\u00bb custom_padding=\u00a0\u00bb0px||0px||false|false\u00a0\u00bb link_option_url=\u00a0\u00bb@ET-DC@eyJkeW5hbWljIjp0cnVlLCJjb250ZW50IjoicG9zdF9saW5rX3VybF9wcm9qZWN0Iiwic2V0dGluZ3MiOnsicG9zdF9pZCI6IjgwNSJ9fQ==@\u00a0\u00bb border_radii=\u00a0\u00bbon|10px|10px|10px|10px\u00a0\u00bb global_colors_info=\u00a0\u00bb{}\u00a0\u00bb background_color__hover=\u00a0\u00bbRGBA(255,255,255,0)\u00a0\u00bb background_enable_color__hover=\u00a0\u00bbon\u00a0\u00bb text_text_color__hover=\u00a0\u00bb#4F3DCF\u00a0\u00bb text_text_color__hover_enabled=\u00a0\u00bbon|hover\u00a0\u00bb header_text_color__hover=\u00a0\u00bb#4F3DCF\u00a0\u00bb header_text_color__hover_enabled=\u00a0\u00bbon|hover\u00a0\u00bb header_2_text_color__hover=\u00a0\u00bb#4F3DCF\u00a0\u00bb header_2_text_color__hover_enabled=\u00a0\u00bbon|hover\u00a0\u00bb link_text_color__hover_enabled=\u00a0\u00bbon|desktop\u00a0\u00bb background__hover_enabled=\u00a0\u00bbon|hover\u00a0\u00bb link_text_color__hover=\u00a0\u00bb#4F3DCF\u00a0\u00bb]<\/p>\n<h2 style=\"text-align: center;\">Programme Balise<\/h2>\n<p style=\"text-align: center;\">Un soutien pens\u00e9 par des jeunes, pour des jeunes<a href=\"#\"><\/a><\/p>\n<p>&nbsp;<\/p>\n<p>[\/et_pb_text][\/et_pb_column][et_pb_column type=\u00a0\u00bb1_4&Prime; _builder_version=\u00a0\u00bb4.27.4&Prime; _module_preset=\u00a0\u00bbdefault\u00a0\u00bb global_colors_info=\u00a0\u00bb{}\u00a0\u00bb][et_pb_image src=\u00a0\u00bbhttps:\/\/preprod.preventionsuicidefrance.org\/wp-content\/uploads\/2025\/12\/vocation-1.png\u00a0\u00bb title_text=\u00a0\u00bbvocation\u00a0\u00bb url=\u00a0\u00bb@ET-DC@eyJkeW5hbWljIjp0cnVlLCJjb250ZW50IjoicG9zdF9saW5rX3VybF9wcm9qZWN0Iiwic2V0dGluZ3MiOnsicG9zdF9pZCI6IjgwOCJ9fQ==@\u00a0\u00bb _builder_version=\u00a0\u00bb4.27.4&Prime; _dynamic_attributes=\u00a0\u00bburl\u00a0\u00bb _module_preset=\u00a0\u00bbdefault\u00a0\u00bb global_colors_info=\u00a0\u00bb{}\u00a0\u00bb][\/et_pb_image][et_pb_text _builder_version=\u00a0\u00bb4.27.4&Prime; _dynamic_attributes=\u00a0\u00bblink_option_url\u00a0\u00bb _module_preset=\u00a0\u00bbdefault\u00a0\u00bb text_text_color=\u00a0\u00bb#8563FA\u00a0\u00bb link_font=\u00a0\u00bb||||on|||#8563FA|\u00a0\u00bb link_text_color=\u00a0\u00bb#4F3DCF\u00a0\u00bb header_2_text_color=\u00a0\u00bb#8563FA\u00a0\u00bb custom_margin=\u00a0\u00bb0px||0px||false|false\u00a0\u00bb custom_padding=\u00a0\u00bb0px||0px||false|false\u00a0\u00bb link_option_url=\u00a0\u00bb@ET-DC@eyJkeW5hbWljIjp0cnVlLCJjb250ZW50IjoicG9zdF9saW5rX3VybF9wcm9qZWN0Iiwic2V0dGluZ3MiOnsicG9zdF9pZCI6IjgwOCJ9fQ==@\u00a0\u00bb border_radii=\u00a0\u00bbon|10px|10px|10px|10px\u00a0\u00bb global_colors_info=\u00a0\u00bb{}\u00a0\u00bb background_color__hover=\u00a0\u00bbRGBA(255,255,255,0)\u00a0\u00bb background_enable_color__hover=\u00a0\u00bbon\u00a0\u00bb text_text_color__hover=\u00a0\u00bb#4F3DCF\u00a0\u00bb text_text_color__hover_enabled=\u00a0\u00bbon|hover\u00a0\u00bb header_text_color__hover=\u00a0\u00bb#4F3DCF\u00a0\u00bb header_text_color__hover_enabled=\u00a0\u00bbon|hover\u00a0\u00bb header_2_text_color__hover=\u00a0\u00bb#4F3DCF\u00a0\u00bb header_2_text_color__hover_enabled=\u00a0\u00bbon|hover\u00a0\u00bb link_text_color__hover_enabled=\u00a0\u00bbon|desktop\u00a0\u00bb background__hover_enabled=\u00a0\u00bbon|hover\u00a0\u00bb link_text_color__hover=\u00a0\u00bb#4F3DCF\u00a0\u00bb]<\/p>\n<h2 style=\"text-align: center;\">Le prix de la vocation<\/h2>\n<p style=\"text-align: center;\">Un docu-fiction pour la pr\u00e9vention des soignants<a href=\"#\"><\/a><\/p>\n<p>&nbsp;<\/p>\n<p>[\/et_pb_text][\/et_pb_column][\/et_pb_row][\/et_pb_section]<\/p>\n","protected":false},"excerpt":{"rendered":"<p>Les projets soutenusLim on the road La caravane qui va \u00e0 la rencontre des silences &nbsp;Les Ulysses La plateforme num\u00e9rique de pair-aidance\u00a0Les laur\u00e9ats Les projets retenus b\u00e9n\u00e9ficient d\u2019un soutien financier sur deux \u00e0 trois ans, ainsi que d\u2019un accompagnement sur mesure. En lien \u00e9troit avec les porteurs de projet, nous mobilisons notre r\u00e9seau et nos [&hellip;]<\/p>\n","protected":false},"author":1,"featured_media":0,"parent":0,"menu_order":0,"comment_status":"closed","ping_status":"closed","template":"","meta":{"_et_pb_use_builder":"on","_et_pb_old_content":"","_et_gb_content_width":"","footnotes":""},"class_list":["post-714","page","type-page","status-publish","hentry"],"yoast_head":"<!-- This site is optimized with the Yoast SEO plugin v26.6 - https:\/\/yoast.com\/wordpress\/plugins\/seo\/ -->\n<title>projets soutenus - Pr\u00e9vention suicide France<\/title>\n<meta name=\"robots\" content=\"noindex, follow, max-snippet:-1, max-image-preview:large, max-video-preview:-1\" \/>\n<meta property=\"og:locale\" content=\"fr_FR\" \/>\n<meta property=\"og:type\" content=\"article\" \/>\n<meta property=\"og:title\" content=\"projets soutenus - Pr\u00e9vention suicide France\" \/>\n<meta property=\"og:description\" content=\"Les projets soutenusLim on the road La caravane qui va \u00e0 la rencontre des silences &nbsp;Les Ulysses La plateforme num\u00e9rique de pair-aidance\u00a0Les laur\u00e9ats Les projets retenus b\u00e9n\u00e9ficient d\u2019un soutien financier sur deux \u00e0 trois ans, ainsi que d\u2019un accompagnement sur mesure. En lien \u00e9troit avec les porteurs de projet, nous mobilisons notre r\u00e9seau et nos [&hellip;]\" \/>\n<meta property=\"og:url\" content=\"https:\/\/preprod.preventionsuicidefrance.org\/index.php\/714-2\/\" \/>\n<meta property=\"og:site_name\" content=\"Pr\u00e9vention suicide France\" \/>\n<meta property=\"article:modified_time\" content=\"2025-12-18T05:06:12+00:00\" \/>\n<meta name=\"twitter:card\" content=\"summary_large_image\" \/>\n<meta name=\"twitter:label1\" content=\"Dur\u00e9e de lecture estim\u00e9e\" \/>\n\t<meta name=\"twitter:data1\" content=\"2 minutes\" \/>\n<script type=\"application\/ld+json\" class=\"yoast-schema-graph\">{\"@context\":\"https:\/\/schema.org\",\"@graph\":[{\"@type\":\"WebPage\",\"@id\":\"https:\/\/preprod.preventionsuicidefrance.org\/index.php\/714-2\/\",\"url\":\"https:\/\/preprod.preventionsuicidefrance.org\/index.php\/714-2\/\",\"name\":\"projets soutenus - Pr\u00e9vention suicide France\",\"isPartOf\":{\"@id\":\"https:\/\/preprod.preventionsuicidefrance.org\/#website\"},\"datePublished\":\"2025-07-24T09:23:41+00:00\",\"dateModified\":\"2025-12-18T05:06:12+00:00\",\"breadcrumb\":{\"@id\":\"https:\/\/preprod.preventionsuicidefrance.org\/index.php\/714-2\/#breadcrumb\"},\"inLanguage\":\"fr-FR\",\"potentialAction\":[{\"@type\":\"ReadAction\",\"target\":[\"https:\/\/preprod.preventionsuicidefrance.org\/index.php\/714-2\/\"]}]},{\"@type\":\"BreadcrumbList\",\"@id\":\"https:\/\/preprod.preventionsuicidefrance.org\/index.php\/714-2\/#breadcrumb\",\"itemListElement\":[{\"@type\":\"ListItem\",\"position\":1,\"name\":\"Accueil\",\"item\":\"https:\/\/preprod.preventionsuicidefrance.org\/\"},{\"@type\":\"ListItem\",\"position\":2,\"name\":\"projets soutenus\"}]},{\"@type\":\"WebSite\",\"@id\":\"https:\/\/preprod.preventionsuicidefrance.org\/#website\",\"url\":\"https:\/\/preprod.preventionsuicidefrance.org\/\",\"name\":\"Pr\u00e9vention suicide France\",\"description\":\"Pour une pr\u00e9vention du suicide qui innove et rassemble\",\"potentialAction\":[{\"@type\":\"SearchAction\",\"target\":{\"@type\":\"EntryPoint\",\"urlTemplate\":\"https:\/\/preprod.preventionsuicidefrance.org\/?s={search_term_string}\"},\"query-input\":{\"@type\":\"PropertyValueSpecification\",\"valueRequired\":true,\"valueName\":\"search_term_string\"}}],\"inLanguage\":\"fr-FR\"}]}<\/script>\n<!-- \/ Yoast SEO plugin. -->","yoast_head_json":{"title":"projets soutenus - Pr\u00e9vention suicide France","robots":{"index":"noindex","follow":"follow","max-snippet":"max-snippet:-1","max-image-preview":"max-image-preview:large","max-video-preview":"max-video-preview:-1"},"og_locale":"fr_FR","og_type":"article","og_title":"projets soutenus - Pr\u00e9vention suicide France","og_description":"Les projets soutenusLim on the road La caravane qui va \u00e0 la rencontre des silences &nbsp;Les Ulysses La plateforme num\u00e9rique de pair-aidance\u00a0Les laur\u00e9ats Les projets retenus b\u00e9n\u00e9ficient d\u2019un soutien financier sur deux \u00e0 trois ans, ainsi que d\u2019un accompagnement sur mesure. En lien \u00e9troit avec les porteurs de projet, nous mobilisons notre r\u00e9seau et nos [&hellip;]","og_url":"https:\/\/preprod.preventionsuicidefrance.org\/index.php\/714-2\/","og_site_name":"Pr\u00e9vention suicide France","article_modified_time":"2025-12-18T05:06:12+00:00","twitter_card":"summary_large_image","twitter_misc":{"Dur\u00e9e de lecture estim\u00e9e":"2 minutes"},"schema":{"@context":"https:\/\/schema.org","@graph":[{"@type":"WebPage","@id":"https:\/\/preprod.preventionsuicidefrance.org\/index.php\/714-2\/","url":"https:\/\/preprod.preventionsuicidefrance.org\/index.php\/714-2\/","name":"projets soutenus - Pr\u00e9vention suicide France","isPartOf":{"@id":"https:\/\/preprod.preventionsuicidefrance.org\/#website"},"datePublished":"2025-07-24T09:23:41+00:00","dateModified":"2025-12-18T05:06:12+00:00","breadcrumb":{"@id":"https:\/\/preprod.preventionsuicidefrance.org\/index.php\/714-2\/#breadcrumb"},"inLanguage":"fr-FR","potentialAction":[{"@type":"ReadAction","target":["https:\/\/preprod.preventionsuicidefrance.org\/index.php\/714-2\/"]}]},{"@type":"BreadcrumbList","@id":"https:\/\/preprod.preventionsuicidefrance.org\/index.php\/714-2\/#breadcrumb","itemListElement":[{"@type":"ListItem","position":1,"name":"Accueil","item":"https:\/\/preprod.preventionsuicidefrance.org\/"},{"@type":"ListItem","position":2,"name":"projets soutenus"}]},{"@type":"WebSite","@id":"https:\/\/preprod.preventionsuicidefrance.org\/#website","url":"https:\/\/preprod.preventionsuicidefrance.org\/","name":"Pr\u00e9vention suicide France","description":"Pour une pr\u00e9vention du suicide qui innove et rassemble","potentialAction":[{"@type":"SearchAction","target":{"@type":"EntryPoint","urlTemplate":"https:\/\/preprod.preventionsuicidefrance.org\/?s={search_term_string}"},"query-input":{"@type":"PropertyValueSpecification","valueRequired":true,"valueName":"search_term_string"}}],"inLanguage":"fr-FR"}]}},"_links":{"self":[{"href":"https:\/\/preprod.preventionsuicidefrance.org\/index.php\/wp-json\/wp\/v2\/pages\/714","targetHints":{"allow":["GET"]}}],"collection":[{"href":"https:\/\/preprod.preventionsuicidefrance.org\/index.php\/wp-json\/wp\/v2\/pages"}],"about":[{"href":"https:\/\/preprod.preventionsuicidefrance.org\/index.php\/wp-json\/wp\/v2\/types\/page"}],"author":[{"embeddable":true,"href":"https:\/\/preprod.preventionsuicidefrance.org\/index.php\/wp-json\/wp\/v2\/users\/1"}],"replies":[{"embeddable":true,"href":"https:\/\/preprod.preventionsuicidefrance.org\/index.php\/wp-json\/wp\/v2\/comments?post=714"}],"version-history":[{"count":14,"href":"https:\/\/preprod.preventionsuicidefrance.org\/index.php\/wp-json\/wp\/v2\/pages\/714\/revisions"}],"predecessor-version":[{"id":856,"href":"https:\/\/preprod.preventionsuicidefrance.org\/index.php\/wp-json\/wp\/v2\/pages\/714\/revisions\/856"}],"wp:attachment":[{"href":"https:\/\/preprod.preventionsuicidefrance.org\/index.php\/wp-json\/wp\/v2\/media?parent=714"}],"curies":[{"name":"wp","href":"https:\/\/api.w.org\/{rel}","templated":true}]}}